{"id":1141,"date":"2020-12-15T11:15:14","date_gmt":"2020-12-15T10:15:14","guid":{"rendered":"https:\/\/ttris.de\/?page_id=1141"},"modified":"2024-09-30T16:46:40","modified_gmt":"2024-09-30T14:46:40","slug":"datenschutz","status":"publish","type":"page","link":"https:\/\/ttris.de\/?page_id=1141","title":{"rendered":"Impressum"},"content":{"rendered":"\n<style type=\"text\/css\" data-created_by=\"avia_inline_auto\" id=\"style-css-av-kifw9lgq-4495f739e1eeb9f66954fc6a5cb5a599\">\n.avia-section.av-kifw9lgq-4495f739e1eeb9f66954fc6a5cb5a599{\nmargin-top:70px;\n}\n<\/style>\n<div id='av_section_1'  class='avia-section av-kifw9lgq-4495f739e1eeb9f66954fc6a5cb5a599 main_color avia-section-no-padding avia-no-border-styling  avia-builder-el-0  el_before_av_section  avia-builder-el-first  avia-bg-style-scroll container_wrap sidebar_right'  ><div class='container av-section-cont-open' ><main  role=\"main\" itemprop=\"mainContentOfPage\"  class='template-page content  av-content-small alpha units'><div class='post-entry post-entry-type-page post-entry-1141'><div class='entry-content-wrapper clearfix'>\n\n<style type=\"text\/css\" data-created_by=\"avia_inline_auto\" id=\"style-css-av-kfxrx2u3-9cb14fcdbce7649c40afa8829ca00b82\">\n#top .av_textblock_section.av-kfxrx2u3-9cb14fcdbce7649c40afa8829ca00b82 .avia_textblock{\ncolor:#383838;\n}\n<\/style>\n<section  class='av_textblock_section av-kfxrx2u3-9cb14fcdbce7649c40afa8829ca00b82 '   itemscope=\"itemscope\" itemtype=\"https:\/\/schema.org\/CreativeWork\" ><div class='avia_textblock av_inherit_color'  itemprop=\"text\" ><h2 style=\"text-align: center; font-size: 2em;\">IMPRESSUM<\/h2>\n<\/div><\/section>\n\n<style type=\"text\/css\" data-created_by=\"avia_inline_auto\" id=\"style-css-av-kifuscfl-e4359773cfe38d27d56cd7983ec380c4\">\n#top .hr.av-kifuscfl-e4359773cfe38d27d56cd7983ec380c4{\nmargin-top:30px;\nmargin-bottom:0;\n}\n.hr.av-kifuscfl-e4359773cfe38d27d56cd7983ec380c4 .hr-inner{\nwidth:100%;\nborder-color:#73a68e;\n}\n<\/style>\n<div  class='hr av-kifuscfl-e4359773cfe38d27d56cd7983ec380c4 hr-custom  avia-builder-el-2  el_after_av_textblock  avia-builder-el-last  hr-center hr-icon-no'><span class='hr-inner inner-border-av-border-fat'><span class=\"hr-inner-style\"><\/span><\/span><\/div>\n\n<\/div><\/div><\/main><!-- close content main element --><\/div><\/div>\n<style type=\"text\/css\" data-created_by=\"avia_inline_auto\" id=\"style-css-av-kig0l6zx-ff36d2760127705d128ee9b90a205865\">\n.avia-section.av-kig0l6zx-ff36d2760127705d128ee9b90a205865{\nmargin-top:0px;\nmargin-bottom:0px;\n}\n<\/style>\n<div id='av_section_2'  class='avia-section av-kig0l6zx-ff36d2760127705d128ee9b90a205865 main_color avia-section-small avia-no-border-styling  avia-builder-el-3  el_after_av_section  el_before_av_two_fifth  avia-bg-style-scroll container_wrap sidebar_right'  ><div class='container av-section-cont-open' ><div class='template-page content  av-content-small alpha units'><div class='post-entry post-entry-type-page post-entry-1141'><div class='entry-content-wrapper clearfix'>\n<section  class='av_textblock_section av-kiptu2b0-43f4e0b8321fc20c5de1a21b144d358d '   itemscope=\"itemscope\" itemtype=\"https:\/\/schema.org\/CreativeWork\" ><div class='avia_textblock'  itemprop=\"text\" ><p>PUTSCH Immobilien GmbH<br \/>\nJahnstra\u00dfe 1<br \/>\n70597 Stuttgart<br \/>\nGermany<\/p>\n<p><strong>Amtsgericht Stuttgart, Registernummer<\/strong>: HRB 745108<\/p>\n<p><strong>Gesch\u00e4ftsf\u00fchrer<\/strong>: Tobias Eisenreich<\/p>\n<p><strong>Haftungshinweis<\/strong>: Die PUTSCH Immobilien GmbH stellt die Inhalte dieser Internetseiten mit gro\u00dfer Sorgfalt zusammen und sorgt f\u00fcr deren regelm\u00e4\u00dfige Aktualisierung. Eine Garantie oder Haftung insbesondere f\u00fcr Vollst\u00e4ndigkeit, Richtigkeit und Aktualit\u00e4t der Informationen auf den Webseiten kann jedoch nicht \u00fcbernommen werden.<br \/>\nDie PUTSCH Immobilien GmbH \u00fcbernimmt keine Haftung f\u00fcr die Inhalte und die Verf\u00fcgbarkeit externer Links. F\u00fcr den Inhalt der verlinkten Seiten sind ausschlie\u00dflich deren Betreiber verantwortlich.<\/p>\n<p><strong>Kontakt<\/strong>: Wenn Sie Fragen oder Anregungen an die PUTSCH Immobilien GmbH bez\u00fcglich dieser Webseiten haben, dann schreiben Sie uns einfach eine <a title=\"Kontakt\" href=\"https:\/\/www.putsch-immobilien.de\/?page_id=12\">E-Mail<\/a>. Wir werden uns schnellstm\u00f6glich mit Ihnen in Verbindung setzen.<\/p>\n<p><strong>Datenschutz<\/strong><br \/>\n\u00dcber Ihren Besuch auf unseren Websites sowie \u00fcber das Interesse an unserem Unternehmen freuen wir uns. Wir nehmen den Schutz Ihrer privaten Daten sehr ernst und m\u00f6chten, dass Sie sich beim Besuch unserer Internetseiten wohl f\u00fchlen. Bei dem Besuch unserer Websites speichern wir Datum, Uhrzeit, Dauer und IP-Adresse sowie die von Ihnen betrachteten Seiten. Dieses erfolgt ausschlie\u00dflich f\u00fcr statistische Zwecke. Eine Weitergabe an Dritte findet nicht statt, es sei denn wir sind dazu gesetzlich verpflichtet. Es werden keine benutzerbezogenen Surferprofile oder \u00e4hnliches erstellt oder verarbeitet. Im Falle der Kontaktaufnahme \u00fcber unser Kontaktformular verwenden wir die von Ihnen eingegebenen personenbezogenen Informationen nur innerhalb unserer Organisation. Wir geben sie nicht ohne Ihre ausdr\u00fcckliche Einwilligung an Dritte weiter. Unser Online-Angebot enth\u00e4lt Links zu Websites anderer Anbieter. Wir haben keinen Einfluss darauf, dass diese Anbieter die Datenschutzbestimmungen einhalten.<\/p>\n<\/div><\/section>\n<\/div><\/div><\/div><!-- close content main div --><\/div><\/div><div id='after_section_2'  class='main_color av_default_container_wrap container_wrap sidebar_right'  ><div class='container av-section-cont-open' ><div class='template-page content  av-content-small alpha units'><div class='post-entry post-entry-type-page post-entry-1141'><div class='entry-content-wrapper clearfix'><div class='flex_column_table av-kfgw0gj7-d3522f06410c611a6135ca14527ab0af sc-av_two_fifth av-equal-height-column-flextable'>\n<style type=\"text\/css\" data-created_by=\"avia_inline_auto\" id=\"style-css-av-kfgw0gj7-d3522f06410c611a6135ca14527ab0af\">\n#top .flex_column_table.av-equal-height-column-flextable.av-kfgw0gj7-d3522f06410c611a6135ca14527ab0af{\nmargin-top:5%;\nmargin-bottom:-20%;\n}\n.flex_column.av-kfgw0gj7-d3522f06410c611a6135ca14527ab0af{\nborder-radius:0px 0px 0px 0px;\npadding:2% 5% 3% 5%;\nbackground-color:#004068;\n}\n<\/style>\n<div  id=\"kontakt\"  class='flex_column av-kfgw0gj7-d3522f06410c611a6135ca14527ab0af av_two_fifth  avia-builder-el-5  el_after_av_section  el_before_av_three_fifth  avia-builder-el-first  first no_margin flex_column_table_cell av-equal-height-column av-align-middle  '     ><p>\n<style type=\"text\/css\" data-created_by=\"avia_inline_auto\" id=\"style-css-av-kfgvh1a6-e3ccdd09bd5333ecf1207194f0d29fc4\">\n.avia-image-container.av-kfgvh1a6-e3ccdd09bd5333ecf1207194f0d29fc4 img.avia_image{\nbox-shadow:none;\n}\n.avia-image-container.av-kfgvh1a6-e3ccdd09bd5333ecf1207194f0d29fc4 .av-image-caption-overlay-center{\ncolor:#ffffff;\n}\n<\/style>\n<div  class='avia-image-container av-kfgvh1a6-e3ccdd09bd5333ecf1207194f0d29fc4 av-styling- avia-align-left  avia-builder-el-6  el_before_av_textblock  avia-builder-el-first '   itemprop=\"image\" itemscope=\"itemscope\" itemtype=\"https:\/\/schema.org\/ImageObject\" ><div class=\"avia-image-container-inner\"><div class=\"avia-image-overlay-wrap\"><img decoding=\"async\" fetchpriority=\"high\" class='wp-image-907 avia-img-lazy-loading-not-907 avia_image ' src=\"https:\/\/ttris.de\/wp-content\/uploads\/2020\/09\/TTris-Logo_white_green-300x212.png\" alt='' title='TTris-Logo_white_green'  height=\"212\" width=\"300\"  itemprop=\"thumbnailUrl\" srcset=\"https:\/\/ttris.de\/wp-content\/uploads\/2020\/09\/TTris-Logo_white_green-300x212.png 300w, https:\/\/ttris.de\/wp-content\/uploads\/2020\/09\/TTris-Logo_white_green-768x543.png 768w, https:\/\/ttris.de\/wp-content\/uploads\/2020\/09\/TTris-Logo_white_green-260x185.png 260w, https:\/\/ttris.de\/wp-content\/uploads\/2020\/09\/TTris-Logo_white_green-705x498.png 705w, https:\/\/ttris.de\/wp-content\/uploads\/2020\/09\/TTris-Logo_white_green.png 842w\" sizes=\"(max-width: 300px) 100vw, 300px\" \/><\/div><\/div><\/div><br \/>\n\n<style type=\"text\/css\" data-created_by=\"avia_inline_auto\" id=\"style-css-av-kfgu95x2-fcbc284d653ff64109953648b3fc54a8\">\n#top .av_textblock_section.av-kfgu95x2-fcbc284d653ff64109953648b3fc54a8 .avia_textblock{\ncolor:#ffffff;\n}\n<\/style>\n<section  class='av_textblock_section av-kfgu95x2-fcbc284d653ff64109953648b3fc54a8 '   itemscope=\"itemscope\" itemtype=\"https:\/\/schema.org\/CreativeWork\" ><div class='avia_textblock av_inherit_color'  itemprop=\"text\" ><p style=\"text-align: left;\"><strong style=\"color: #73a68e;\">info@ttris.de<\/strong><\/p>\n<p style=\"text-align: left;\">Massimo Salmeri<br \/>\nAsset Management<br \/>\nJahnstra\u00dfe 1<br \/>\n70597 Stuttgart<br \/>\nTelefon 0711 \/ 25 277 208<br \/>\nFax 0711 \/ 25 277 219<br \/>\n<a href=\"mailto:massimo.salmeri@putsch-immobilien.com\">massimo.salmeri@putsch-immobilien.com<\/a><br \/>\n<a href=\"https:\/\/www.putsch-immobilien.de\/\">www.putsch-immobilien.de<\/a><\/p>\n<\/div><\/section><\/p><\/div><\/p>\n\n<style type=\"text\/css\" data-created_by=\"avia_inline_auto\" id=\"style-css-av-1jx8ry-f407731b52d4e3ecf6676aa4fbb474b7\">\n#top .flex_column_table.av-equal-height-column-flextable.av-1jx8ry-f407731b52d4e3ecf6676aa4fbb474b7{\nmargin-top:5%;\nmargin-bottom:-20%;\n}\n.flex_column.av-1jx8ry-f407731b52d4e3ecf6676aa4fbb474b7{\nborder-radius:0px 0px 0px 0px;\npadding:2% 5% 3% 5%;\n}\n<\/style>\n<div  class='flex_column av-1jx8ry-f407731b52d4e3ecf6676aa4fbb474b7 av_three_fifth  avia-builder-el-8  el_after_av_two_fifth  el_before_av_codeblock  no_margin flex_column_table_cell av-equal-height-column av-align-middle  '     ><p><div  class='avia-button-wrap av-kwf07wtl-26ef331d3593f0cf8683fc9a6bc75346-wrap avia-button-center  avia-builder-el-9  el_before_av_hr  avia-builder-el-first '>\n<style type=\"text\/css\" data-created_by=\"avia_inline_auto\" id=\"style-css-av-kwf07wtl-26ef331d3593f0cf8683fc9a6bc75346\">\n#top #wrap_all .avia-button.av-kwf07wtl-26ef331d3593f0cf8683fc9a6bc75346{\nbackground-color:#c94b18;\nborder-color:#c94b18;\ncolor:#ffffff;\ntransition:all 0.4s ease-in-out;\n}\n<\/style>\n<a href='http:\/\/s1018663670.online.de\/?page_id=1024\/#kontakt'  class='avia-button av-kwf07wtl-26ef331d3593f0cf8683fc9a6bc75346 av-link-btn avia-icon_select-no avia-size-x-large avia-position-center'   aria-label=\"Kontakt Aufnehmen\"><span class='avia_iconbox_title' >Kontakt Aufnehmen<\/span><\/a><\/div><br \/>\n\n<style type=\"text\/css\" data-created_by=\"avia_inline_auto\" id=\"style-css-av-kwf0bjts-ed975af74085e9b5d5c71f413edaaec1\">\n#top .hr.hr-invisible.av-kwf0bjts-ed975af74085e9b5d5c71f413edaaec1{\nheight:50px;\n}\n<\/style>\n<div  class='hr av-kwf0bjts-ed975af74085e9b5d5c71f413edaaec1 hr-invisible  avia-builder-el-10  el_after_av_button  el_before_av_image '><span class='hr-inner '><span class=\"hr-inner-style\"><\/span><\/span><\/div><br \/>\n\n<style type=\"text\/css\" data-created_by=\"avia_inline_auto\" id=\"style-css-av-kwf04eok-5eb1d2d464f56644cc87323b86cfc760\">\n.avia-image-container.av-kwf04eok-5eb1d2d464f56644cc87323b86cfc760 img.avia_image{\nbox-shadow:none;\n}\n.avia-image-container.av-kwf04eok-5eb1d2d464f56644cc87323b86cfc760 .av-image-caption-overlay-center{\ncolor:#ffffff;\n}\n<\/style>\n<div  class='avia-image-container av-kwf04eok-5eb1d2d464f56644cc87323b86cfc760 av-styling- avia-align-center  avia-builder-el-11  el_after_av_hr  avia-builder-el-last '   itemprop=\"image\" itemscope=\"itemscope\" itemtype=\"https:\/\/schema.org\/ImageObject\" ><div class=\"avia-image-container-inner\"><div class=\"avia-image-overlay-wrap\"><img decoding=\"async\" fetchpriority=\"high\" class='wp-image-1313 avia-img-lazy-loading-not-1313 avia_image ' src=\"https:\/\/ttris.de\/wp-content\/uploads\/nordwood-themes-q8U1YgBaRQk-unsplash-1030x687.jpg\" alt='' title='nordwood-themes-q8U1YgBaRQk-unsplash'  height=\"687\" width=\"1030\"  itemprop=\"thumbnailUrl\" srcset=\"https:\/\/ttris.de\/wp-content\/uploads\/nordwood-themes-q8U1YgBaRQk-unsplash-1030x687.jpg 1030w, https:\/\/ttris.de\/wp-content\/uploads\/nordwood-themes-q8U1YgBaRQk-unsplash-300x200.jpg 300w, https:\/\/ttris.de\/wp-content\/uploads\/nordwood-themes-q8U1YgBaRQk-unsplash-768x512.jpg 768w, https:\/\/ttris.de\/wp-content\/uploads\/nordwood-themes-q8U1YgBaRQk-unsplash-1536x1024.jpg 1536w, https:\/\/ttris.de\/wp-content\/uploads\/nordwood-themes-q8U1YgBaRQk-unsplash-2048x1365.jpg 2048w, https:\/\/ttris.de\/wp-content\/uploads\/nordwood-themes-q8U1YgBaRQk-unsplash-1500x1000.jpg 1500w, https:\/\/ttris.de\/wp-content\/uploads\/nordwood-themes-q8U1YgBaRQk-unsplash-705x470.jpg 705w\" sizes=\"(max-width: 1030px) 100vw, 1030px\" \/><\/div><\/div><\/div><\/p><\/div><\/div><!--close column table wrapper. Autoclose: 1 -->\n\n<\/div><\/div><\/div><!-- close content main div --><\/div><\/div><div id='layer_slider_1'  class='avia-layerslider main_color avia-shadow  avia-builder-el-13  el_after_av_codeblock  avia-builder-el-last  slider-not-first container_wrap sidebar_right'  style='height: 721px; max-width: 1280px; margin: 0 auto;'  ><\/div>\n","protected":false},"excerpt":{"rendered":"","protected":false},"author":5,"featured_media":0,"parent":0,"menu_order":0,"comment_status":"closed","ping_status":"closed","template":"","meta":{"footnotes":""},"class_list":["post-1141","page","type-page","status-publish","hentry"],"_links":{"self":[{"href":"https:\/\/ttris.de\/index.php?rest_route=\/wp\/v2\/pages\/1141","targetHints":{"allow":["GET"]}}],"collection":[{"href":"https:\/\/ttris.de\/index.php?rest_route=\/wp\/v2\/pages"}],"about":[{"href":"https:\/\/ttris.de\/index.php?rest_route=\/wp\/v2\/types\/page"}],"author":[{"embeddable":true,"href":"https:\/\/ttris.de\/index.php?rest_route=\/wp\/v2\/users\/5"}],"replies":[{"embeddable":true,"href":"https:\/\/ttris.de\/index.php?rest_route=%2Fwp%2Fv2%2Fcomments&post=1141"}],"version-history":[{"count":4,"href":"https:\/\/ttris.de\/index.php?rest_route=\/wp\/v2\/pages\/1141\/revisions"}],"predecessor-version":[{"id":1374,"href":"https:\/\/ttris.de\/index.php?rest_route=\/wp\/v2\/pages\/1141\/revisions\/1374"}],"wp:attachment":[{"href":"https:\/\/ttris.de\/index.php?rest_route=%2Fwp%2Fv2%2Fmedia&parent=1141"}],"curies":[{"name":"wp","href":"https:\/\/api.w.org\/{rel}","templated":true}]}}